{"id":18,"date":"2022-01-07T13:47:11","date_gmt":"2022-01-07T13:47:11","guid":{"rendered":"http:\/\/rimler.de\/?page_id=18"},"modified":"2024-06-14T09:22:05","modified_gmt":"2024-06-14T09:22:05","slug":"test-1","status":"publish","type":"page","link":"https:\/\/rimler.de\/?page_id=18","title":{"rendered":"Littke"},"content":{"rendered":"\n<div class=\"wp-block-columns is-layout-flex wp-container-core-columns-is-layout-9d6595d7 wp-block-columns-is-layout-flex\">\n<div class=\"wp-block-column is-layout-flow wp-block-column-is-layout-flow\">\n<div class=\"wp-block-columns is-layout-flex wp-container-core-columns-is-layout-9d6595d7 wp-block-columns-is-layout-flex\">\n<div class=\"wp-block-column is-layout-flow wp-block-column-is-layout-flow\">\n<p><a href=\"https:\/\/rimler.de\/\" data-type=\"URL\" data-id=\"https:\/\/rimler.de\/\">Home<\/a><\/p>\n<\/div>\n\n\n\n<div class=\"wp-block-column is-layout-flow wp-block-column-is-layout-flow\">\n<p><\/p>\n<\/div>\n<\/div>\n<\/div>\n\n\n\n<div class=\"wp-block-column is-layout-flow wp-block-column-is-layout-flow\">\n<p><a href=\"https:\/\/rimler.de\/wp-content\/uploads\/2024\/06\/5-bx53-220127-Littke-Story-Gyoergy.pdf\">Littke Gy\u00f6rgy<\/a><\/p>\n\n\n\n<p>Littk\u00e9k<\/p>\n<\/div>\n\n\n\n<div class=\"wp-block-column is-layout-flow wp-block-column-is-layout-flow\">\n<p><a href=\"https:\/\/rimler.de\/wp-content\/uploads\/2024\/06\/bx53c-Trebbin-Agost-Littke-Story-220202.pdf\">Trebbin \u00c1gost<\/a><\/p>\n\n\n\n<p>Pezsg\u00f6gy\u00e1r<\/p>\n<\/div>\n<\/div>\n\n\n\n<p>Die Mutter von Dr. Rimler J\u00e1nos und seiner Schwester Anna Gelleri hie\u00df Littke Renee. Der Gro\u00dfvater war Littke J\u00e1nos und der Urgro\u00dfvater Littke L\u00f6rinc, er gr\u00fcndete die Sektfabrik in P\u00e9cs.<\/p>\n\n\n\n<figure class=\"wp-block-image size-large\"><a href=\"https:\/\/rimler.de\/wp-content\/uploads\/2023\/01\/Ashampoo_Snap_Donnerstag-5.-Januar-2023_17h22m59s_002_.png\"><img loading=\"lazy\" decoding=\"async\" width=\"1024\" height=\"522\" src=\"https:\/\/rimler.de\/wp-content\/uploads\/2023\/01\/Ashampoo_Snap_Donnerstag-5.-Januar-2023_17h22m59s_002_-1024x522.png\" alt=\"\" class=\"wp-image-300\" srcset=\"https:\/\/rimler.de\/wp-content\/uploads\/2023\/01\/Ashampoo_Snap_Donnerstag-5.-Januar-2023_17h22m59s_002_-1024x522.png 1024w, https:\/\/rimler.de\/wp-content\/uploads\/2023\/01\/Ashampoo_Snap_Donnerstag-5.-Januar-2023_17h22m59s_002_-300x153.png 300w, https:\/\/rimler.de\/wp-content\/uploads\/2023\/01\/Ashampoo_Snap_Donnerstag-5.-Januar-2023_17h22m59s_002_-768x391.png 768w, https:\/\/rimler.de\/wp-content\/uploads\/2023\/01\/Ashampoo_Snap_Donnerstag-5.-Januar-2023_17h22m59s_002_.png 1521w\" sizes=\"auto, (max-width: 1024px) 100vw, 1024px\" \/><\/a><figcaption class=\"wp-element-caption\">Littke Ahnentafel<\/figcaption><\/figure>\n\n\n\n<p>Von der Familie Littke gibt es etliche schriftliche Informationen:<\/p>\n\n\n\n<ol class=\"wp-block-list\">\n<li>Szirtes G\u00e1bor: &#8222;P\u00e9csi Panteon&#8220; cim\u00fc k\u00f6nyv\u00e9ben a 74. oldalon<\/li>\n\n\n\n<li>Baranyai Albert: k\u00e9zirat\u00e1ban<\/li>\n\n\n\n<li>Trebbin \u00c1gost: &#8222;Fejezetek a p\u00e9csi Littke csal\u00e1d t\u00f6rt\u00e9net\u00e9b\u00f6l&#8220; 2007. 92-132. p. fpkl.<\/li>\n\n\n\n<li>Littke Gy\u00f6rgy: &#8222;Monogr\u00e1fia a Littke csal\u00e1d, \u00e9let\u00e9r\u00f6l \u00e9s lesz\u00e1rmas\u00e1r\u00f3l&#8220; 1944<\/li>\n<\/ol>\n\n\n\n<p>\u00e9s a neten: <a rel=\"noreferrer noopener\" href=\"https:\/\/hu.wikipedia.org\/wiki\/Littke_pezsg%C5%91gy%C3%A1r\" target=\"_blank\">https:\/\/hu.wikipedia.org\/wiki\/Littke_pezsg%C5%91gy%C3%A1r<\/a><\/p>\n\n\n\n<p><\/p>\n\n\n\n<figure class=\"wp-block-gallery has-nested-images columns-default is-cropped wp-block-gallery-1 is-layout-flex wp-block-gallery-is-layout-flex\">\n<figure class=\"wp-block-image size-large\"><img loading=\"lazy\" decoding=\"async\" width=\"1024\" height=\"954\" data-id=\"311\" src=\"https:\/\/rimler.de\/wp-content\/uploads\/2023\/01\/a-Littke-Loerinc-1809-Marika-1024x954.jpg\" alt=\"\" class=\"wp-image-311\" srcset=\"https:\/\/rimler.de\/wp-content\/uploads\/2023\/01\/a-Littke-Loerinc-1809-Marika-1024x954.jpg 1024w, https:\/\/rimler.de\/wp-content\/uploads\/2023\/01\/a-Littke-Loerinc-1809-Marika-300x279.jpg 300w, https:\/\/rimler.de\/wp-content\/uploads\/2023\/01\/a-Littke-Loerinc-1809-Marika-768x715.jpg 768w, https:\/\/rimler.de\/wp-content\/uploads\/2023\/01\/a-Littke-Loerinc-1809-Marika.jpg 1280w\" sizes=\"auto, (max-width: 1024px) 100vw, 1024px\" \/><figcaption class=\"wp-element-caption\">Littke L\u00f6rinc<\/figcaption><\/figure>\n\n\n\n<figure class=\"wp-block-image size-large\"><img loading=\"lazy\" decoding=\"async\" width=\"675\" height=\"1024\" data-id=\"308\" src=\"https:\/\/rimler.de\/wp-content\/uploads\/2023\/01\/al-1860-lg-a4-1-Littke-Loerinc-1809-675x1024.jpg\" alt=\"\" class=\"wp-image-308\" srcset=\"https:\/\/rimler.de\/wp-content\/uploads\/2023\/01\/al-1860-lg-a4-1-Littke-Loerinc-1809-675x1024.jpg 675w, https:\/\/rimler.de\/wp-content\/uploads\/2023\/01\/al-1860-lg-a4-1-Littke-Loerinc-1809-198x300.jpg 198w, https:\/\/rimler.de\/wp-content\/uploads\/2023\/01\/al-1860-lg-a4-1-Littke-Loerinc-1809-768x1165.jpg 768w, https:\/\/rimler.de\/wp-content\/uploads\/2023\/01\/al-1860-lg-a4-1-Littke-Loerinc-1809-1013x1536.jpg 1013w, https:\/\/rimler.de\/wp-content\/uploads\/2023\/01\/al-1860-lg-a4-1-Littke-Loerinc-1809-1350x2048.jpg 1350w, https:\/\/rimler.de\/wp-content\/uploads\/2023\/01\/al-1860-lg-a4-1-Littke-Loerinc-1809.jpg 1359w\" sizes=\"auto, (max-width: 675px) 100vw, 675px\" \/><figcaption class=\"wp-element-caption\">Littke L\u00f6rinc<\/figcaption><\/figure>\n\n\n\n<figure class=\"wp-block-image size-large\"><img loading=\"lazy\" decoding=\"async\" width=\"657\" height=\"1024\" data-id=\"310\" src=\"https:\/\/rimler.de\/wp-content\/uploads\/2023\/01\/al-a5-1-Taitl-Johanna-1807-657x1024.jpg\" alt=\"\" class=\"wp-image-310\" srcset=\"https:\/\/rimler.de\/wp-content\/uploads\/2023\/01\/al-a5-1-Taitl-Johanna-1807-657x1024.jpg 657w, https:\/\/rimler.de\/wp-content\/uploads\/2023\/01\/al-a5-1-Taitl-Johanna-1807-192x300.jpg 192w, https:\/\/rimler.de\/wp-content\/uploads\/2023\/01\/al-a5-1-Taitl-Johanna-1807-768x1197.jpg 768w, https:\/\/rimler.de\/wp-content\/uploads\/2023\/01\/al-a5-1-Taitl-Johanna-1807-985x1536.jpg 985w, https:\/\/rimler.de\/wp-content\/uploads\/2023\/01\/al-a5-1-Taitl-Johanna-1807-1314x2048.jpg 1314w, https:\/\/rimler.de\/wp-content\/uploads\/2023\/01\/al-a5-1-Taitl-Johanna-1807.jpg 1340w\" sizes=\"auto, (max-width: 657px) 100vw, 657px\" \/><figcaption class=\"wp-element-caption\">Taitl Johanna<\/figcaption><\/figure>\n<\/figure>\n\n\n\n<figure class=\"wp-block-gallery has-nested-images columns-default is-cropped wp-block-gallery-2 is-layout-flex wp-block-gallery-is-layout-flex\">\n<figure class=\"wp-block-image size-large\"><img loading=\"lazy\" decoding=\"async\" width=\"618\" height=\"1024\" data-id=\"320\" src=\"https:\/\/rimler.de\/wp-content\/uploads\/2023\/01\/l-1306f-6-Littke-Gyoergy-618x1024.jpg\" alt=\"\" class=\"wp-image-320\" srcset=\"https:\/\/rimler.de\/wp-content\/uploads\/2023\/01\/l-1306f-6-Littke-Gyoergy-618x1024.jpg 618w, https:\/\/rimler.de\/wp-content\/uploads\/2023\/01\/l-1306f-6-Littke-Gyoergy-181x300.jpg 181w, https:\/\/rimler.de\/wp-content\/uploads\/2023\/01\/l-1306f-6-Littke-Gyoergy-768x1272.jpg 768w, https:\/\/rimler.de\/wp-content\/uploads\/2023\/01\/l-1306f-6-Littke-Gyoergy-927x1536.jpg 927w, https:\/\/rimler.de\/wp-content\/uploads\/2023\/01\/l-1306f-6-Littke-Gyoergy-1237x2048.jpg 1237w, https:\/\/rimler.de\/wp-content\/uploads\/2023\/01\/l-1306f-6-Littke-Gyoergy.jpg 1239w\" sizes=\"auto, (max-width: 618px) 100vw, 618px\" \/><figcaption class=\"wp-element-caption\">Littke Gy\u00f6rgy 1936<\/figcaption><\/figure>\n\n\n\n<figure class=\"wp-block-image size-large\"><img loading=\"lazy\" decoding=\"async\" width=\"383\" height=\"516\" data-id=\"317\" src=\"https:\/\/rimler.de\/wp-content\/uploads\/2023\/01\/l-1104a1-Littke-Jozsef.jpg\" alt=\"\" class=\"wp-image-317\" srcset=\"https:\/\/rimler.de\/wp-content\/uploads\/2023\/01\/l-1104a1-Littke-Jozsef.jpg 383w, https:\/\/rimler.de\/wp-content\/uploads\/2023\/01\/l-1104a1-Littke-Jozsef-223x300.jpg 223w\" sizes=\"auto, (max-width: 383px) 100vw, 383px\" \/><figcaption class=\"wp-element-caption\">Littke J\u00f3zsef 1902<\/figcaption><\/figure>\n\n\n\n<figure class=\"wp-block-image size-large\"><img loading=\"lazy\" decoding=\"async\" width=\"719\" height=\"1024\" data-id=\"325\" src=\"https:\/\/rimler.de\/wp-content\/uploads\/2023\/01\/lg-a1-1-Guszti-Littke-Agoston-719x1024.jpg\" alt=\"\" class=\"wp-image-325\" srcset=\"https:\/\/rimler.de\/wp-content\/uploads\/2023\/01\/lg-a1-1-Guszti-Littke-Agoston-719x1024.jpg 719w, https:\/\/rimler.de\/wp-content\/uploads\/2023\/01\/lg-a1-1-Guszti-Littke-Agoston-211x300.jpg 211w, https:\/\/rimler.de\/wp-content\/uploads\/2023\/01\/lg-a1-1-Guszti-Littke-Agoston-768x1093.jpg 768w, https:\/\/rimler.de\/wp-content\/uploads\/2023\/01\/lg-a1-1-Guszti-Littke-Agoston-1079x1536.jpg 1079w, https:\/\/rimler.de\/wp-content\/uploads\/2023\/01\/lg-a1-1-Guszti-Littke-Agoston-1438x2048.jpg 1438w, https:\/\/rimler.de\/wp-content\/uploads\/2023\/01\/lg-a1-1-Guszti-Littke-Agoston-1568x2232.jpg 1568w, https:\/\/rimler.de\/wp-content\/uploads\/2023\/01\/lg-a1-1-Guszti-Littke-Agoston-scaled.jpg 1798w\" sizes=\"auto, (max-width: 719px) 100vw, 719px\" \/><figcaption class=\"wp-element-caption\">Littke \u00c1goston 1882<\/figcaption><\/figure>\n<\/figure>\n\n\n\n<figure class=\"wp-block-gallery has-nested-images columns-default is-cropped wp-block-gallery-3 is-layout-flex wp-block-gallery-is-layout-flex\">\n<figure class=\"wp-block-image size-large\"><img loading=\"lazy\" decoding=\"async\" width=\"768\" height=\"1024\" data-id=\"330\" src=\"https:\/\/rimler.de\/wp-content\/uploads\/2023\/01\/l-0203ex4-Nemesi-Level-768x1024.jpg\" alt=\"\" class=\"wp-image-330\" srcset=\"https:\/\/rimler.de\/wp-content\/uploads\/2023\/01\/l-0203ex4-Nemesi-Level-768x1024.jpg 768w, https:\/\/rimler.de\/wp-content\/uploads\/2023\/01\/l-0203ex4-Nemesi-Level-225x300.jpg 225w, https:\/\/rimler.de\/wp-content\/uploads\/2023\/01\/l-0203ex4-Nemesi-Level-1152x1536.jpg 1152w, https:\/\/rimler.de\/wp-content\/uploads\/2023\/01\/l-0203ex4-Nemesi-Level.jpg 1200w\" sizes=\"auto, (max-width: 768px) 100vw, 768px\" \/><figcaption class=\"wp-element-caption\">Littke Cimer<\/figcaption><\/figure>\n\n\n\n<figure class=\"wp-block-image size-large\"><img loading=\"lazy\" decoding=\"async\" width=\"1024\" height=\"768\" data-id=\"329\" src=\"https:\/\/rimler.de\/wp-content\/uploads\/2023\/01\/l-0203ex2-Nemes-Level-1024x768.jpg\" alt=\"\" class=\"wp-image-329\" srcset=\"https:\/\/rimler.de\/wp-content\/uploads\/2023\/01\/l-0203ex2-Nemes-Level-1024x768.jpg 1024w, https:\/\/rimler.de\/wp-content\/uploads\/2023\/01\/l-0203ex2-Nemes-Level-300x225.jpg 300w, https:\/\/rimler.de\/wp-content\/uploads\/2023\/01\/l-0203ex2-Nemes-Level-768x576.jpg 768w, https:\/\/rimler.de\/wp-content\/uploads\/2023\/01\/l-0203ex2-Nemes-Level-1536x1152.jpg 1536w, https:\/\/rimler.de\/wp-content\/uploads\/2023\/01\/l-0203ex2-Nemes-Level-1568x1176.jpg 1568w, https:\/\/rimler.de\/wp-content\/uploads\/2023\/01\/l-0203ex2-Nemes-Level.jpg 1600w\" sizes=\"auto, (max-width: 1024px) 100vw, 1024px\" \/><figcaption class=\"wp-element-caption\">Littke Nemeslev\u00e9l<\/figcaption><\/figure>\n\n\n\n<figure class=\"wp-block-image size-large\"><img loading=\"lazy\" decoding=\"async\" width=\"1024\" height=\"768\" data-id=\"328\" src=\"https:\/\/rimler.de\/wp-content\/uploads\/2023\/01\/l-0203ex1-Cimer-1024x768.jpg\" alt=\"\" class=\"wp-image-328\" srcset=\"https:\/\/rimler.de\/wp-content\/uploads\/2023\/01\/l-0203ex1-Cimer-1024x768.jpg 1024w, https:\/\/rimler.de\/wp-content\/uploads\/2023\/01\/l-0203ex1-Cimer-300x225.jpg 300w, https:\/\/rimler.de\/wp-content\/uploads\/2023\/01\/l-0203ex1-Cimer-768x576.jpg 768w, https:\/\/rimler.de\/wp-content\/uploads\/2023\/01\/l-0203ex1-Cimer-1536x1152.jpg 1536w, https:\/\/rimler.de\/wp-content\/uploads\/2023\/01\/l-0203ex1-Cimer-1568x1176.jpg 1568w, https:\/\/rimler.de\/wp-content\/uploads\/2023\/01\/l-0203ex1-Cimer.jpg 1600w\" sizes=\"auto, (max-width: 1024px) 100vw, 1024px\" \/><\/figure>\n<\/figure>\n\n\n\n<figure class=\"wp-block-gallery has-nested-images columns-default is-cropped wp-block-gallery-4 is-layout-flex wp-block-gallery-is-layout-flex\">\n<figure class=\"wp-block-image size-large\"><img loading=\"lazy\" decoding=\"async\" width=\"1024\" height=\"768\" data-id=\"331\" src=\"https:\/\/rimler.de\/wp-content\/uploads\/2023\/01\/l-1007c-39-Littke-Grab-1024x768.jpg\" alt=\"\" class=\"wp-image-331\" srcset=\"https:\/\/rimler.de\/wp-content\/uploads\/2023\/01\/l-1007c-39-Littke-Grab-1024x768.jpg 1024w, https:\/\/rimler.de\/wp-content\/uploads\/2023\/01\/l-1007c-39-Littke-Grab-300x225.jpg 300w, https:\/\/rimler.de\/wp-content\/uploads\/2023\/01\/l-1007c-39-Littke-Grab-768x576.jpg 768w, https:\/\/rimler.de\/wp-content\/uploads\/2023\/01\/l-1007c-39-Littke-Grab-1536x1152.jpg 1536w, https:\/\/rimler.de\/wp-content\/uploads\/2023\/01\/l-1007c-39-Littke-Grab-1568x1176.jpg 1568w, https:\/\/rimler.de\/wp-content\/uploads\/2023\/01\/l-1007c-39-Littke-Grab.jpg 2048w\" sizes=\"auto, (max-width: 1024px) 100vw, 1024px\" \/><figcaption class=\"wp-element-caption\">Littke sir P\u00e9csett<\/figcaption><\/figure>\n\n\n\n<figure class=\"wp-block-image size-large\"><img loading=\"lazy\" decoding=\"async\" width=\"1024\" height=\"768\" data-id=\"323\" src=\"https:\/\/rimler.de\/wp-content\/uploads\/2023\/01\/l-1999r2-Littke-Grab-1024x768.jpg\" alt=\"\" class=\"wp-image-323\" srcset=\"https:\/\/rimler.de\/wp-content\/uploads\/2023\/01\/l-1999r2-Littke-Grab-1024x768.jpg 1024w, https:\/\/rimler.de\/wp-content\/uploads\/2023\/01\/l-1999r2-Littke-Grab-300x225.jpg 300w, https:\/\/rimler.de\/wp-content\/uploads\/2023\/01\/l-1999r2-Littke-Grab-768x576.jpg 768w, https:\/\/rimler.de\/wp-content\/uploads\/2023\/01\/l-1999r2-Littke-Grab-1536x1152.jpg 1536w, https:\/\/rimler.de\/wp-content\/uploads\/2023\/01\/l-1999r2-Littke-Grab-2048x1536.jpg 2048w, https:\/\/rimler.de\/wp-content\/uploads\/2023\/01\/l-1999r2-Littke-Grab-1568x1176.jpg 1568w\" sizes=\"auto, (max-width: 1024px) 100vw, 1024px\" \/><figcaption class=\"wp-element-caption\">S\u00edrbolt<\/figcaption><\/figure>\n\n\n\n<figure class=\"wp-block-image size-large\"><img loading=\"lazy\" decoding=\"async\" width=\"1024\" height=\"793\" data-id=\"322\" src=\"https:\/\/rimler.de\/wp-content\/uploads\/2023\/01\/l-1997r2-Pecs-Littke-Gedenktafel-Sektfabrik-1024x793.jpg\" alt=\"\" class=\"wp-image-322\" srcset=\"https:\/\/rimler.de\/wp-content\/uploads\/2023\/01\/l-1997r2-Pecs-Littke-Gedenktafel-Sektfabrik-1024x793.jpg 1024w, https:\/\/rimler.de\/wp-content\/uploads\/2023\/01\/l-1997r2-Pecs-Littke-Gedenktafel-Sektfabrik-300x232.jpg 300w, https:\/\/rimler.de\/wp-content\/uploads\/2023\/01\/l-1997r2-Pecs-Littke-Gedenktafel-Sektfabrik-768x595.jpg 768w, https:\/\/rimler.de\/wp-content\/uploads\/2023\/01\/l-1997r2-Pecs-Littke-Gedenktafel-Sektfabrik.jpg 1157w\" sizes=\"auto, (max-width: 1024px) 100vw, 1024px\" \/><figcaption class=\"wp-element-caption\">Felirat a pezsg\u00f6h\u00e1zn\u00e1l<\/figcaption><\/figure>\n<\/figure>\n\n\n\n<figure class=\"wp-block-gallery has-nested-images columns-default is-cropped wp-block-gallery-5 is-layout-flex wp-block-gallery-is-layout-flex\">\n<figure class=\"wp-block-image size-large\"><img loading=\"lazy\" decoding=\"async\" width=\"768\" height=\"1024\" data-id=\"316\" src=\"https:\/\/rimler.de\/wp-content\/uploads\/2023\/01\/l-1103e-12c-Sektflasche-768x1024.jpg\" alt=\"\" class=\"wp-image-316\" srcset=\"https:\/\/rimler.de\/wp-content\/uploads\/2023\/01\/l-1103e-12c-Sektflasche-768x1024.jpg 768w, https:\/\/rimler.de\/wp-content\/uploads\/2023\/01\/l-1103e-12c-Sektflasche-225x300.jpg 225w, https:\/\/rimler.de\/wp-content\/uploads\/2023\/01\/l-1103e-12c-Sektflasche-1152x1536.jpg 1152w, https:\/\/rimler.de\/wp-content\/uploads\/2023\/01\/l-1103e-12c-Sektflasche.jpg 1536w\" sizes=\"auto, (max-width: 768px) 100vw, 768px\" \/><figcaption class=\"wp-element-caption\">Eredeti Pezsg\u00f6 \u00e9rlel\u00e9si \u00fcveg<\/figcaption><\/figure>\n\n\n\n<figure class=\"wp-block-image size-large\"><img loading=\"lazy\" decoding=\"async\" width=\"768\" height=\"1024\" data-id=\"324\" src=\"https:\/\/rimler.de\/wp-content\/uploads\/2023\/01\/l-e1b4-Littke-Sektglas-768x1024.jpg\" alt=\"\" class=\"wp-image-324\" srcset=\"https:\/\/rimler.de\/wp-content\/uploads\/2023\/01\/l-e1b4-Littke-Sektglas-768x1024.jpg 768w, https:\/\/rimler.de\/wp-content\/uploads\/2023\/01\/l-e1b4-Littke-Sektglas-225x300.jpg 225w, https:\/\/rimler.de\/wp-content\/uploads\/2023\/01\/l-e1b4-Littke-Sektglas-1152x1536.jpg 1152w, https:\/\/rimler.de\/wp-content\/uploads\/2023\/01\/l-e1b4-Littke-Sektglas.jpg 1536w\" sizes=\"auto, (max-width: 768px) 100vw, 768px\" \/><figcaption class=\"wp-element-caption\">Eredeti Littke pezsg\u00f6spoh\u00e1r<\/figcaption><\/figure>\n\n\n\n<figure class=\"wp-block-image size-large\"><img loading=\"lazy\" decoding=\"async\" width=\"761\" height=\"442\" data-id=\"332\" src=\"https:\/\/rimler.de\/wp-content\/uploads\/2023\/01\/l-Schm-Golduhr-Uroma-Littke.png\" alt=\"\" class=\"wp-image-332\" srcset=\"https:\/\/rimler.de\/wp-content\/uploads\/2023\/01\/l-Schm-Golduhr-Uroma-Littke.png 761w, https:\/\/rimler.de\/wp-content\/uploads\/2023\/01\/l-Schm-Golduhr-Uroma-Littke-300x174.png 300w\" sizes=\"auto, (max-width: 761px) 100vw, 761px\" \/><figcaption class=\"wp-element-caption\">Taitl Johanna Arany\u00f3r\u00e1ja<\/figcaption><\/figure>\n<\/figure>\n\n\n\n<figure class=\"wp-block-gallery has-nested-images columns-default is-cropped wp-block-gallery-6 is-layout-flex wp-block-gallery-is-layout-flex\">\n<figure class=\"wp-block-image size-large\"><img loading=\"lazy\" decoding=\"async\" width=\"1024\" height=\"768\" data-id=\"314\" src=\"https:\/\/rimler.de\/wp-content\/uploads\/2023\/01\/l-1103d-17-Littke-Emil-Pecs-1024x768.jpg\" alt=\"\" class=\"wp-image-314\" srcset=\"https:\/\/rimler.de\/wp-content\/uploads\/2023\/01\/l-1103d-17-Littke-Emil-Pecs-1024x768.jpg 1024w, https:\/\/rimler.de\/wp-content\/uploads\/2023\/01\/l-1103d-17-Littke-Emil-Pecs-300x225.jpg 300w, https:\/\/rimler.de\/wp-content\/uploads\/2023\/01\/l-1103d-17-Littke-Emil-Pecs-768x576.jpg 768w, https:\/\/rimler.de\/wp-content\/uploads\/2023\/01\/l-1103d-17-Littke-Emil-Pecs-1536x1152.jpg 1536w, https:\/\/rimler.de\/wp-content\/uploads\/2023\/01\/l-1103d-17-Littke-Emil-Pecs-1568x1176.jpg 1568w, https:\/\/rimler.de\/wp-content\/uploads\/2023\/01\/l-1103d-17-Littke-Emil-Pecs.jpg 2048w\" sizes=\"auto, (max-width: 1024px) 100vw, 1024px\" \/><figcaption class=\"wp-element-caption\">Emil Gelleri a Pezsg\u00f6h\u00e1zn\u00e1l<\/figcaption><\/figure>\n\n\n\n<figure class=\"wp-block-image size-large\"><img loading=\"lazy\" decoding=\"async\" width=\"1024\" height=\"768\" data-id=\"315\" src=\"https:\/\/rimler.de\/wp-content\/uploads\/2023\/01\/l-1103d-18-Pezsgoehaz-Emil-1024x768.jpg\" alt=\"\" class=\"wp-image-315\" srcset=\"https:\/\/rimler.de\/wp-content\/uploads\/2023\/01\/l-1103d-18-Pezsgoehaz-Emil-1024x768.jpg 1024w, https:\/\/rimler.de\/wp-content\/uploads\/2023\/01\/l-1103d-18-Pezsgoehaz-Emil-300x225.jpg 300w, https:\/\/rimler.de\/wp-content\/uploads\/2023\/01\/l-1103d-18-Pezsgoehaz-Emil-768x576.jpg 768w, https:\/\/rimler.de\/wp-content\/uploads\/2023\/01\/l-1103d-18-Pezsgoehaz-Emil-1536x1152.jpg 1536w, https:\/\/rimler.de\/wp-content\/uploads\/2023\/01\/l-1103d-18-Pezsgoehaz-Emil-1568x1176.jpg 1568w, https:\/\/rimler.de\/wp-content\/uploads\/2023\/01\/l-1103d-18-Pezsgoehaz-Emil.jpg 2048w\" sizes=\"auto, (max-width: 1024px) 100vw, 1024px\" \/><figcaption class=\"wp-element-caption\">Emil a Pezsg\u00f6h\u00e1zban 2011<\/figcaption><\/figure>\n\n\n\n<figure class=\"wp-block-image size-large\"><img loading=\"lazy\" decoding=\"async\" width=\"1024\" height=\"768\" data-id=\"319\" src=\"https:\/\/rimler.de\/wp-content\/uploads\/2023\/01\/l-1105a-10-Gabor-Istvan-Emil-Ildi-1024x768.jpg\" alt=\"\" class=\"wp-image-319\" srcset=\"https:\/\/rimler.de\/wp-content\/uploads\/2023\/01\/l-1105a-10-Gabor-Istvan-Emil-Ildi-1024x768.jpg 1024w, https:\/\/rimler.de\/wp-content\/uploads\/2023\/01\/l-1105a-10-Gabor-Istvan-Emil-Ildi-300x225.jpg 300w, https:\/\/rimler.de\/wp-content\/uploads\/2023\/01\/l-1105a-10-Gabor-Istvan-Emil-Ildi-768x576.jpg 768w, https:\/\/rimler.de\/wp-content\/uploads\/2023\/01\/l-1105a-10-Gabor-Istvan-Emil-Ildi-1536x1152.jpg 1536w, https:\/\/rimler.de\/wp-content\/uploads\/2023\/01\/l-1105a-10-Gabor-Istvan-Emil-Ildi-2048x1536.jpg 2048w, https:\/\/rimler.de\/wp-content\/uploads\/2023\/01\/l-1105a-10-Gabor-Istvan-Emil-Ildi-1568x1176.jpg 1568w\" sizes=\"auto, (max-width: 1024px) 100vw, 1024px\" \/><figcaption class=\"wp-element-caption\">Littk\u00e9k Budapesten 2011<\/figcaption><\/figure>\n<\/figure>\n","protected":false},"excerpt":{"rendered":"<p>Home Littke Gy\u00f6rgy Littk\u00e9k Trebbin \u00c1gost Pezsg\u00f6gy\u00e1r Die Mutter von Dr. Rimler J\u00e1nos und seiner Schwester Anna Gelleri hie\u00df Littke Renee. Der Gro\u00dfvater war Littke J\u00e1nos und der Urgro\u00dfvater Littke L\u00f6rinc, er gr\u00fcndete die Sektfabrik in P\u00e9cs. Von der Familie Littke gibt es etliche schriftliche Informationen: \u00e9s a neten: https:\/\/hu.wikipedia.org\/wiki\/Littke_pezsg%C5%91gy%C3%A1r<\/p>\n","protected":false},"author":1,"featured_media":0,"parent":0,"menu_order":0,"comment_status":"closed","ping_status":"closed","template":"","meta":{"footnotes":""},"class_list":["post-18","page","type-page","status-publish","hentry","entry"],"_links":{"self":[{"href":"https:\/\/rimler.de\/index.php?rest_route=\/wp\/v2\/pages\/18","targetHints":{"allow":["GET"]}}],"collection":[{"href":"https:\/\/rimler.de\/index.php?rest_route=\/wp\/v2\/pages"}],"about":[{"href":"https:\/\/rimler.de\/index.php?rest_route=\/wp\/v2\/types\/page"}],"author":[{"embeddable":true,"href":"https:\/\/rimler.de\/index.php?rest_route=\/wp\/v2\/users\/1"}],"replies":[{"embeddable":true,"href":"https:\/\/rimler.de\/index.php?rest_route=%2Fwp%2Fv2%2Fcomments&post=18"}],"version-history":[{"count":17,"href":"https:\/\/rimler.de\/index.php?rest_route=\/wp\/v2\/pages\/18\/revisions"}],"predecessor-version":[{"id":420,"href":"https:\/\/rimler.de\/index.php?rest_route=\/wp\/v2\/pages\/18\/revisions\/420"}],"wp:attachment":[{"href":"https:\/\/rimler.de\/index.php?rest_route=%2Fwp%2Fv2%2Fmedia&parent=18"}],"curies":[{"name":"wp","href":"https:\/\/api.w.org\/{rel}","templated":true}]}}