{"id":115,"date":"2022-01-18T18:11:42","date_gmt":"2022-01-18T18:11:42","guid":{"rendered":"https:\/\/rimler.de\/?page_id=115"},"modified":"2023-01-04T10:50:28","modified_gmt":"2023-01-04T10:50:28","slug":"familie-pucher","status":"publish","type":"page","link":"https:\/\/rimler.de\/?page_id=115","title":{"rendered":"Familie Pucher"},"content":{"rendered":"\n<div class=\"wp-block-columns is-layout-flex wp-container-core-columns-is-layout-9d6595d7 wp-block-columns-is-layout-flex\">\n<div class=\"wp-block-column is-layout-flow wp-block-column-is-layout-flow\">\n<p><a href=\"https:\/\/rimler.de\/\" data-type=\"URL\" data-id=\"https:\/\/rimler.de\/\" target=\"_blank\" rel=\"noreferrer noopener\">Home<\/a><\/p>\n<\/div>\n\n\n\n<div class=\"wp-block-column is-layout-flow wp-block-column-is-layout-flow\">\n<p><\/p>\n<\/div>\n<\/div>\n\n\n\n<p>Die Gro\u00dfeltern von Rimler J\u00e1nos und seiner Schwester Anna Gelleri waren <strong>Pucher Georgina<\/strong> (1884.03.04, P\u00e9cs-1927.09.09, Budapest) und <strong>Littke J\u00e1nos<\/strong> (1834.11.03, P\u00e9cs-1917.04.20, Budapest) <\/p>\n\n\n\n<div class=\"wp-block-columns is-layout-flex wp-container-core-columns-is-layout-9d6595d7 wp-block-columns-is-layout-flex\">\n<div class=\"wp-block-column is-layout-flow wp-block-column-is-layout-flow\">\n<div class=\"wp-block-columns is-layout-flex wp-container-core-columns-is-layout-9d6595d7 wp-block-columns-is-layout-flex\">\n<div class=\"wp-block-column is-layout-flow wp-block-column-is-layout-flow\">\n<figure class=\"wp-block-image size-large\"><img loading=\"lazy\" decoding=\"async\" width=\"817\" height=\"1024\" src=\"https:\/\/rimler.de\/wp-content\/uploads\/2022\/01\/0vp-1890-sa5z-Pucher-Piatsek-Terez-817x1024.jpeg\" alt=\"\" class=\"wp-image-88\" srcset=\"https:\/\/rimler.de\/wp-content\/uploads\/2022\/01\/0vp-1890-sa5z-Pucher-Piatsek-Terez-817x1024.jpeg 817w, https:\/\/rimler.de\/wp-content\/uploads\/2022\/01\/0vp-1890-sa5z-Pucher-Piatsek-Terez-239x300.jpeg 239w, https:\/\/rimler.de\/wp-content\/uploads\/2022\/01\/0vp-1890-sa5z-Pucher-Piatsek-Terez-768x963.jpeg 768w, https:\/\/rimler.de\/wp-content\/uploads\/2022\/01\/0vp-1890-sa5z-Pucher-Piatsek-Terez.jpeg 1020w\" sizes=\"auto, (max-width: 817px) 100vw, 817px\" \/><figcaption class=\"wp-element-caption\">Piatsek Ter\u00e9z 1843<\/figcaption><\/figure>\n<\/div>\n\n\n\n<div class=\"wp-block-column is-layout-flow wp-block-column-is-layout-flow\">\n<figure class=\"wp-block-image size-large\"><img loading=\"lazy\" decoding=\"async\" width=\"812\" height=\"1024\" src=\"https:\/\/rimler.de\/wp-content\/uploads\/2022\/01\/0vp-1890-sa7z-Pucher-Gyoergy-812x1024.jpeg\" alt=\"\" class=\"wp-image-89\" srcset=\"https:\/\/rimler.de\/wp-content\/uploads\/2022\/01\/0vp-1890-sa7z-Pucher-Gyoergy-812x1024.jpeg 812w, https:\/\/rimler.de\/wp-content\/uploads\/2022\/01\/0vp-1890-sa7z-Pucher-Gyoergy-238x300.jpeg 238w, https:\/\/rimler.de\/wp-content\/uploads\/2022\/01\/0vp-1890-sa7z-Pucher-Gyoergy-768x968.jpeg 768w, https:\/\/rimler.de\/wp-content\/uploads\/2022\/01\/0vp-1890-sa7z-Pucher-Gyoergy.jpeg 1005w\" sizes=\"auto, (max-width: 812px) 100vw, 812px\" \/><figcaption class=\"wp-element-caption\">Pucher Gy\u00f6rgy 1843<\/figcaption><\/figure>\n<\/div>\n<\/div>\n<\/div>\n\n\n\n<div class=\"wp-block-column is-layout-flow wp-block-column-is-layout-flow\">\n<p>Pucher Georgina war die Tochter von: a) <strong>Piatsek Ter\u00e9z<\/strong> (14.09.1818-1885, gest. mit 67 Jahren) und b) <strong>Pucher Gy\u00f6rgy<\/strong> (16.02.1814-19.11.1890, gest. mit 84 Jahren. Sie haben am 15.01.1843 geheiratet und lebten in P\u00e9cs.<\/p>\n<\/div>\n<\/div>\n\n\n\n<p>2010-ben kezdt\u00fck el Pucher Zolival \u00e9s G\u00f6nd\u00f6r Hajn\u00e1val a Pucher csal\u00e1dr\u00f3l \u00f6sszeirni, amit tudunk, persze ebben Zoli\u00e9 a f\u00f6szerep, \u00f6 tudja a legt\u00f6bbet \u00e9s neki vannak els\u00f6sorban f\u00e9nyk\u00e9pei \u00e9s iratai a csal\u00e1dr\u00f3l, de a Hajn\u00e1n\u00e1l \u00e9s Andr\u00e1s \u00f6ccs\u00e9n\u00e9l is tal\u00e1ltunk egy p\u00e1r r\u00e9gi f\u00e9nyk\u00e9pet.<\/p>\n\n\n\n<figure class=\"wp-block-image size-large\"><img loading=\"lazy\" decoding=\"async\" width=\"1024\" height=\"702\" src=\"https:\/\/rimler.de\/wp-content\/uploads\/2022\/12\/p-Pucher-221231-Ahntafel-Kurz-1024x702.png\" alt=\"\" class=\"wp-image-283\" srcset=\"https:\/\/rimler.de\/wp-content\/uploads\/2022\/12\/p-Pucher-221231-Ahntafel-Kurz-1024x702.png 1024w, https:\/\/rimler.de\/wp-content\/uploads\/2022\/12\/p-Pucher-221231-Ahntafel-Kurz-300x206.png 300w, https:\/\/rimler.de\/wp-content\/uploads\/2022\/12\/p-Pucher-221231-Ahntafel-Kurz-768x526.png 768w, https:\/\/rimler.de\/wp-content\/uploads\/2022\/12\/p-Pucher-221231-Ahntafel-Kurz.png 1262w\" sizes=\"auto, (max-width: 1024px) 100vw, 1024px\" \/><figcaption class=\"wp-element-caption\">Pucher Ahnentafel 221231<\/figcaption><\/figure>\n\n\n\n<p><\/p>\n\n\n\n<p><strong>Pucher Gy\u00f6rgy (1814)<\/strong>&nbsp;\u00e9s feles\u00e9ge, <strong>Piatsek Ter\u00e9z (1818)<\/strong>&nbsp;voltak P\u00e9csett az Elef\u00e1ntos h\u00e1z tulajdonosai ahol f\u00fcszerkeresked\u00e9s\u00fck volt. Az \u00f6 \u00fckunok\u00e1juk volt 1) Gell\u00e9ri Emil (1944), 2) G\u00f6nd\u00f6r Hajna (1933), \u00e9s 3) Pucher Gy\u00f6rgy (1955). L\u00e1nyuk <strong>Pucher Georgina (1844), <\/strong>G\u00f6nd\u00f6r Hajn\u00e1nak (1933)&nbsp;\u00e9s Gell\u00e9ri Emilnek (1944)<strong> <\/strong>a d\u00e9dnagyanyja volt. <strong>Dr. Pucher Zolt\u00e1n (1924)<\/strong>&nbsp;el\u00f6dei pedig a k\u00f6vetkez\u00f6k voltak: \u00e9desapja; <strong>Pucher Elem\u00e9r (1883),<\/strong>&nbsp;nagyapja; <strong>Pucher Ottm\u00e1r (1852)<\/strong>&nbsp;\u00e9s d\u00e9dnagyapja a m\u00e1r emlitett k\u00f6z\u00f6s el\u00f6d\u00fcnk Pucher Gy\u00f6rgy (1814).<\/p>\n\n\n\n<p>Pucher Gy\u00f6rgy (1814) sz\u00fclei a Toln\u00e1n sz\u00fcletett <strong>Pucher J\u00f3zsef (1775.01.21-1854.02.03)<\/strong>&nbsp;\u00e9s harmadik feles\u00e9ge <strong>Pritzlmayer Anna <strong>(1789.09.12-1864.06.26)<\/strong><\/strong> voltak. Pritzlmayer Anna (1789) sz\u00fclei <strong>Pritzlmayer Ferenc<\/strong> \u00e9s <strong>Melczer Ter\u00e9z<\/strong> b\u00e9relt\u00e9k P\u00e9cs v\u00e1ros s\u00f6rh\u00e1z\u00e1t. Pucher J\u00f3zsef \u00e9s neje megv\u00e1s\u00e1rolt\u00e1k id\u00f6vel a s\u00f6rh\u00e1zat, amelyet 1853-ban megint eladtak. Pucher J\u00f3zsef&nbsp;79 \u00e9ves kor\u00e1ban halt meg, 15 \u00e9l\u00f6 gyermek h\u00e1trahagy\u00e1s\u00e1val.<\/p>\n\n\n\n<p><strong>Piatsek Ter\u00e9z<\/strong>&nbsp;(1818, Pucher Gy\u00f6rgyn\u00e9), <strong>Piatsek J\u00f3zsef (1781.06.26-1854)<\/strong>&nbsp;P\u00e9cs nagy \u00e9pit\u00f6mester\u00e9nek volt a l\u00e1nya, \u00f6 hozta mint \u00f6r\u00f6ks\u00e9g az \u201e<strong>elef\u00e1ntos h\u00e1zat<\/strong>\u201c a csal\u00e1dba, amit \u00e9desapja v\u00e1s\u00e1rolt \u00e9s \u00e9pitett \u00e1t. J\u00f3zsef (1781) feles\u00e9ge volt <strong>Mayer Margit<\/strong> (1787-1852).<\/p>\n\n\n\n<div class=\"wp-block-columns is-layout-flex wp-container-core-columns-is-layout-9d6595d7 wp-block-columns-is-layout-flex\">\n<div class=\"wp-block-column is-layout-flow wp-block-column-is-layout-flow\">\n<figure class=\"wp-block-image size-large\"><img loading=\"lazy\" decoding=\"async\" width=\"972\" height=\"1024\" src=\"https:\/\/rimler.de\/wp-content\/uploads\/2022\/12\/Pucher-Wappen-972x1024.png\" alt=\"\" class=\"wp-image-203\" srcset=\"https:\/\/rimler.de\/wp-content\/uploads\/2022\/12\/Pucher-Wappen-972x1024.png 972w, https:\/\/rimler.de\/wp-content\/uploads\/2022\/12\/Pucher-Wappen-285x300.png 285w, https:\/\/rimler.de\/wp-content\/uploads\/2022\/12\/Pucher-Wappen-768x809.png 768w, https:\/\/rimler.de\/wp-content\/uploads\/2022\/12\/Pucher-Wappen-1458x1536.png 1458w, https:\/\/rimler.de\/wp-content\/uploads\/2022\/12\/Pucher-Wappen-1944x2048.png 1944w, https:\/\/rimler.de\/wp-content\/uploads\/2022\/12\/Pucher-Wappen-1568x1652.png 1568w\" sizes=\"auto, (max-width: 972px) 100vw, 972px\" \/><figcaption class=\"wp-element-caption\">Pucher Wappen<\/figcaption><\/figure>\n<\/div>\n\n\n\n<div class=\"wp-block-column is-layout-flow wp-block-column-is-layout-flow\">\n<p>A Pucher csal\u00e1d a Zoli kutat\u00e1sai alapj\u00e1n Bajororsz\u00e1gb\u00f3l sz\u00e1rmazik, \u00f6 r\u00e9gen a n\u00fcrnbergi lev\u00e9lt\u00e1rban tal\u00e1lt dokumentumokat, amelyek \u00f6ssze\u00e1llit\u00e1s\u00e1r\u00f3l m\u00e1solata is van. Ezek ottan m\u00e1r nincsenek meg, mert a 2. vil\u00e1gh\u00e1bor\u00fa alatt bombat\u00e1mad\u00e1s k\u00f6vetkezt\u00e9ben elvesztek.<\/p>\n<\/div>\n<\/div>\n\n\n\n<figure class=\"wp-block-gallery has-nested-images columns-default is-cropped wp-block-gallery-1 is-layout-flex wp-block-gallery-is-layout-flex\">\n<figure class=\"wp-block-image size-large\"><img decoding=\"async\" data-id=\"102\" src=\"https:\/\/rimler.de\/wp-content\/uploads\/2022\/01\/0b3a-1912-k12a-Pucher-Georgina-Ivan-Sany1a-2-1024x807.jpeg\" alt=\"\" class=\"wp-image-102\"\/><figcaption class=\"wp-element-caption\">1 Pucher Georgina 1912<\/figcaption><\/figure>\n\n\n\n<figure class=\"wp-block-image size-large\"><img loading=\"lazy\" decoding=\"async\" width=\"635\" height=\"1024\" data-id=\"207\" src=\"https:\/\/rimler.de\/wp-content\/uploads\/2022\/12\/p-Balassa-Johanna-Pucher-Elemer-1936-Csillaghegy-635x1024.jpg\" alt=\"\" class=\"wp-image-207\" srcset=\"https:\/\/rimler.de\/wp-content\/uploads\/2022\/12\/p-Balassa-Johanna-Pucher-Elemer-1936-Csillaghegy-635x1024.jpg 635w, https:\/\/rimler.de\/wp-content\/uploads\/2022\/12\/p-Balassa-Johanna-Pucher-Elemer-1936-Csillaghegy-186x300.jpg 186w, https:\/\/rimler.de\/wp-content\/uploads\/2022\/12\/p-Balassa-Johanna-Pucher-Elemer-1936-Csillaghegy.jpg 662w\" sizes=\"auto, (max-width: 635px) 100vw, 635px\" \/><figcaption class=\"wp-element-caption\">2 Balassa Johanna 1936<\/figcaption><\/figure>\n\n\n\n<figure class=\"wp-block-image size-large\"><img decoding=\"async\" data-id=\"206\" src=\"https:\/\/rimler.de\/wp-content\/uploads\/2022\/12\/p-hb26-Pucher-Elemer.jpg\" alt=\"\" class=\"wp-image-206\"\/><figcaption class=\"wp-element-caption\">3 Pucher Elem\u00e9r 1928<\/figcaption><\/figure>\n<\/figure>\n\n\n\n<p>1) Pucher Georgina mit Enkeln Rimler J\u00e1nos und Anna, 2) Balassa Johanna und Pucher Elem\u00e9r, 3) Pucher Elem\u00e9r in Csillaghegy<\/p>\n\n\n\n<figure class=\"wp-block-gallery has-nested-images columns-default is-cropped wp-block-gallery-2 is-layout-flex wp-block-gallery-is-layout-flex\">\n<figure class=\"wp-block-image size-large\"><img loading=\"lazy\" decoding=\"async\" width=\"641\" height=\"1024\" data-id=\"212\" src=\"https:\/\/rimler.de\/wp-content\/uploads\/2022\/12\/p-hb25-Piacsek-Jozsefne-641x1024.jpg\" alt=\"\" class=\"wp-image-212\" srcset=\"https:\/\/rimler.de\/wp-content\/uploads\/2022\/12\/p-hb25-Piacsek-Jozsefne-641x1024.jpg 641w, https:\/\/rimler.de\/wp-content\/uploads\/2022\/12\/p-hb25-Piacsek-Jozsefne-188x300.jpg 188w, https:\/\/rimler.de\/wp-content\/uploads\/2022\/12\/p-hb25-Piacsek-Jozsefne.jpg 745w\" sizes=\"auto, (max-width: 641px) 100vw, 641px\" \/><figcaption class=\"wp-element-caption\">1 Mayer Margit 1849 (Piatsek)<\/figcaption><\/figure>\n\n\n\n<figure class=\"wp-block-image size-large\"><img loading=\"lazy\" decoding=\"async\" width=\"643\" height=\"1024\" data-id=\"213\" src=\"https:\/\/rimler.de\/wp-content\/uploads\/2022\/12\/p-Pritzlmayer-Anna-1789-643x1024.jpg\" alt=\"\" class=\"wp-image-213\" srcset=\"https:\/\/rimler.de\/wp-content\/uploads\/2022\/12\/p-Pritzlmayer-Anna-1789-643x1024.jpg 643w, https:\/\/rimler.de\/wp-content\/uploads\/2022\/12\/p-Pritzlmayer-Anna-1789-188x300.jpg 188w, https:\/\/rimler.de\/wp-content\/uploads\/2022\/12\/p-Pritzlmayer-Anna-1789.jpg 753w\" sizes=\"auto, (max-width: 643px) 100vw, 643px\" \/><figcaption class=\"wp-element-caption\">2 Pritzlmayer Anna 1860<\/figcaption><\/figure>\n\n\n\n<figure class=\"wp-block-image size-large\"><img loading=\"lazy\" decoding=\"async\" width=\"610\" height=\"1024\" data-id=\"214\" src=\"https:\/\/rimler.de\/wp-content\/uploads\/2022\/12\/p-Pucher-Jozsef-610x1024.jpg\" alt=\"\" class=\"wp-image-214\" srcset=\"https:\/\/rimler.de\/wp-content\/uploads\/2022\/12\/p-Pucher-Jozsef-610x1024.jpg 610w, https:\/\/rimler.de\/wp-content\/uploads\/2022\/12\/p-Pucher-Jozsef-179x300.jpg 179w, https:\/\/rimler.de\/wp-content\/uploads\/2022\/12\/p-Pucher-Jozsef.jpg 720w\" sizes=\"auto, (max-width: 610px) 100vw, 610px\" \/><figcaption class=\"wp-element-caption\">3 Pucher J\u00f3zsef 1850 <\/figcaption><\/figure>\n<\/figure>\n\n\n\n<p>1) Mayer Margit 1787-1852 Piatsek (Piacsek) J\u00f3zsef 1781-1851 feles\u00e9ge volt. 2) Pritzlmayer Anna 1789-1864, pedig Pucher J\u00f3zsef 1775-1854 feles\u00e9ge volt.<\/p>\n\n\n\n<p>h<\/p>\n\n\n\n<div class=\"wp-block-columns is-layout-flex wp-container-core-columns-is-layout-9d6595d7 wp-block-columns-is-layout-flex\">\n<div class=\"wp-block-column is-layout-flow wp-block-column-is-layout-flow\" style=\"flex-basis:33.33%\">\n<figure class=\"wp-block-image size-large\"><img loading=\"lazy\" decoding=\"async\" width=\"1024\" height=\"644\" src=\"https:\/\/rimler.de\/wp-content\/uploads\/2022\/12\/p-Lenke-Pucher-Zoli-Hochzeit-1948-1024x644.jpg\" alt=\"\" class=\"wp-image-223\" srcset=\"https:\/\/rimler.de\/wp-content\/uploads\/2022\/12\/p-Lenke-Pucher-Zoli-Hochzeit-1948-1024x644.jpg 1024w, https:\/\/rimler.de\/wp-content\/uploads\/2022\/12\/p-Lenke-Pucher-Zoli-Hochzeit-1948-300x189.jpg 300w, https:\/\/rimler.de\/wp-content\/uploads\/2022\/12\/p-Lenke-Pucher-Zoli-Hochzeit-1948-768x483.jpg 768w, https:\/\/rimler.de\/wp-content\/uploads\/2022\/12\/p-Lenke-Pucher-Zoli-Hochzeit-1948-1536x966.jpg 1536w, https:\/\/rimler.de\/wp-content\/uploads\/2022\/12\/p-Lenke-Pucher-Zoli-Hochzeit-1948.jpg 1564w\" sizes=\"auto, (max-width: 1024px) 100vw, 1024px\" \/><figcaption class=\"wp-element-caption\">T\u00f6lgyesi Lenke \u00e9s Dr. Pucher Zolt\u00e1n 1948-ban esk\u00fcdtek<\/figcaption><\/figure>\n\n\n\n<figure class=\"wp-block-image size-large\"><img loading=\"lazy\" decoding=\"async\" width=\"1024\" height=\"637\" src=\"https:\/\/rimler.de\/wp-content\/uploads\/2022\/12\/p-Lenke-Toelgyesi-PucherZoli-1024x637.jpg\" alt=\"\" class=\"wp-image-268\" srcset=\"https:\/\/rimler.de\/wp-content\/uploads\/2022\/12\/p-Lenke-Toelgyesi-PucherZoli-1024x637.jpg 1024w, https:\/\/rimler.de\/wp-content\/uploads\/2022\/12\/p-Lenke-Toelgyesi-PucherZoli-300x187.jpg 300w, https:\/\/rimler.de\/wp-content\/uploads\/2022\/12\/p-Lenke-Toelgyesi-PucherZoli-768x478.jpg 768w, https:\/\/rimler.de\/wp-content\/uploads\/2022\/12\/p-Lenke-Toelgyesi-PucherZoli-1536x956.jpg 1536w, https:\/\/rimler.de\/wp-content\/uploads\/2022\/12\/p-Lenke-Toelgyesi-PucherZoli-1568x976.jpg 1568w, https:\/\/rimler.de\/wp-content\/uploads\/2022\/12\/p-Lenke-Toelgyesi-PucherZoli.jpg 1581w\" sizes=\"auto, (max-width: 1024px) 100vw, 1024px\" \/><\/figure>\n<\/div>\n\n\n\n<div class=\"wp-block-column is-layout-flow wp-block-column-is-layout-flow\" style=\"flex-basis:66.66%\">\n<p>Dr. Pucher Zolt\u00e1n 1924.02.11.-\u00e9n sz\u00fcletett Budapesten \u00e9s 2017-ben halt meg 93 \u00e9ves kor\u00e1ban. Bud\u00e1n a V\u00e1rosmajor utc\u00e1ban lakott \u00e9s urn\u00e1ja a V\u00e1rosmajori J\u00e9zus Szive templomban lett elhelyezve.<\/p>\n\n\n\n<p>Ebb\u00f6l a h\u00e1zass\u00e1gb\u00f3l sz\u00fcletett Gy\u00f6rgy gyermek\u00fck \u00e9s m\u00e9g van k\u00e9t unok\u00e1ja.<\/p>\n\n\n\n<p>Pucher Elem\u00e9r (1883) \u00e9s Balassa Hanna (1895), Hajna \u00e9desanyja sokat k\u00e1rty\u00e1ztak Csillaghegyen.<\/p>\n<\/div>\n<\/div>\n\n\n\n<p>h<\/p>\n\n\n\n<figure class=\"wp-block-image size-large\"><img loading=\"lazy\" decoding=\"async\" width=\"1024\" height=\"746\" src=\"https:\/\/rimler.de\/wp-content\/uploads\/2022\/12\/pb-9-Pucher-gyoergy-Piatsek-Terez-bx22-1024x746.jpg\" alt=\"\" class=\"wp-image-271\" srcset=\"https:\/\/rimler.de\/wp-content\/uploads\/2022\/12\/pb-9-Pucher-gyoergy-Piatsek-Terez-bx22-1024x746.jpg 1024w, https:\/\/rimler.de\/wp-content\/uploads\/2022\/12\/pb-9-Pucher-gyoergy-Piatsek-Terez-bx22-300x219.jpg 300w, https:\/\/rimler.de\/wp-content\/uploads\/2022\/12\/pb-9-Pucher-gyoergy-Piatsek-Terez-bx22-768x559.jpg 768w, https:\/\/rimler.de\/wp-content\/uploads\/2022\/12\/pb-9-Pucher-gyoergy-Piatsek-Terez-bx22-1536x1119.jpg 1536w, https:\/\/rimler.de\/wp-content\/uploads\/2022\/12\/pb-9-Pucher-gyoergy-Piatsek-Terez-bx22-2048x1492.jpg 2048w, https:\/\/rimler.de\/wp-content\/uploads\/2022\/12\/pb-9-Pucher-gyoergy-Piatsek-Terez-bx22-1568x1142.jpg 1568w\" sizes=\"auto, (max-width: 1024px) 100vw, 1024px\" \/><figcaption class=\"wp-element-caption\">Pucher Gy\u00f6rgy \u00e9s Piacsek Ter\u00e9z h\u00e1zass\u00e1gi levele<\/figcaption><\/figure>\n\n\n\n<figure class=\"wp-block-image size-large\"><img loading=\"lazy\" decoding=\"async\" width=\"1024\" height=\"746\" src=\"https:\/\/rimler.de\/wp-content\/uploads\/2022\/12\/pc-34-Pucher-Elemer-Todesanzeige-1024x746.jpg\" alt=\"\" class=\"wp-image-272\" srcset=\"https:\/\/rimler.de\/wp-content\/uploads\/2022\/12\/pc-34-Pucher-Elemer-Todesanzeige-1024x746.jpg 1024w, https:\/\/rimler.de\/wp-content\/uploads\/2022\/12\/pc-34-Pucher-Elemer-Todesanzeige-300x219.jpg 300w, https:\/\/rimler.de\/wp-content\/uploads\/2022\/12\/pc-34-Pucher-Elemer-Todesanzeige-768x559.jpg 768w, https:\/\/rimler.de\/wp-content\/uploads\/2022\/12\/pc-34-Pucher-Elemer-Todesanzeige-1536x1119.jpg 1536w, https:\/\/rimler.de\/wp-content\/uploads\/2022\/12\/pc-34-Pucher-Elemer-Todesanzeige-2048x1492.jpg 2048w, https:\/\/rimler.de\/wp-content\/uploads\/2022\/12\/pc-34-Pucher-Elemer-Todesanzeige-1568x1142.jpg 1568w\" sizes=\"auto, (max-width: 1024px) 100vw, 1024px\" \/><figcaption class=\"wp-element-caption\">Pucher Elem\u00e9r 1939-ben halt meg<\/figcaption><\/figure>\n\n\n\n<p><\/p>\n\n\n\n<div class=\"wp-block-columns is-layout-flex wp-container-core-columns-is-layout-9d6595d7 wp-block-columns-is-layout-flex\">\n<div class=\"wp-block-column is-layout-flow wp-block-column-is-layout-flow\">\n<figure class=\"wp-block-image size-large\"><img loading=\"lazy\" decoding=\"async\" width=\"1024\" height=\"768\" src=\"https:\/\/rimler.de\/wp-content\/uploads\/2022\/12\/p-1007c-1-Zoli-Hajna-Elefantos-1024x768.jpg\" alt=\"\" class=\"wp-image-273\" srcset=\"https:\/\/rimler.de\/wp-content\/uploads\/2022\/12\/p-1007c-1-Zoli-Hajna-Elefantos-1024x768.jpg 1024w, https:\/\/rimler.de\/wp-content\/uploads\/2022\/12\/p-1007c-1-Zoli-Hajna-Elefantos-300x225.jpg 300w, https:\/\/rimler.de\/wp-content\/uploads\/2022\/12\/p-1007c-1-Zoli-Hajna-Elefantos-768x576.jpg 768w, https:\/\/rimler.de\/wp-content\/uploads\/2022\/12\/p-1007c-1-Zoli-Hajna-Elefantos-1536x1152.jpg 1536w, https:\/\/rimler.de\/wp-content\/uploads\/2022\/12\/p-1007c-1-Zoli-Hajna-Elefantos-1568x1176.jpg 1568w, https:\/\/rimler.de\/wp-content\/uploads\/2022\/12\/p-1007c-1-Zoli-Hajna-Elefantos.jpg 2048w\" sizes=\"auto, (max-width: 1024px) 100vw, 1024px\" \/><figcaption class=\"wp-element-caption\">Dr. Pucher Zol\u00e1n \u00e9s G\u00f6nd\u00f6r Hajna Elef\u00e1ntos h\u00e1z el\u00f6tt<\/figcaption><\/figure>\n<\/div>\n\n\n\n<div class=\"wp-block-column is-layout-flow wp-block-column-is-layout-flow\">\n<p>2010 Julius\u00e1ban ell\u00e1togattunk P\u00e9csre, \u00e9desany\u00e1mmal (Gell\u00e9ri Emiln\u00e9 1911), Zolival \u00e9s Hajn\u00e1val P\u00e9csre, egy egynapi kir\u00e1ndul\u00e1s volt. Term\u00e9szetesen az Elef\u00e1ntos h\u00e1zban eb\u00e9delt\u00fcnk. Sajnos \u00e9desany\u00e1m is csak sejti, hogy az\u00e9rt nevezt\u00e9k elef\u00e1ntos h\u00e1znak, mert gy\u00fcm\u00f6lcs\u00f6t \u00e1rultak benne. Zoli mes\u00e9lte, hogy egy el\u00f6dje r\u00e9szegen felm\u00e1szott az elef\u00e1ntra.<\/p>\n<\/div>\n<\/div>\n\n\n\n<p><\/p>\n","protected":false},"excerpt":{"rendered":"<p>Home Die Gro\u00dfeltern von Rimler J\u00e1nos und seiner Schwester Anna Gelleri waren Pucher Georgina (1884.03.04, P\u00e9cs-1927.09.09, Budapest) und Littke J\u00e1nos (1834.11.03, P\u00e9cs-1917.04.20, Budapest) Pucher Georgina war die Tochter von: a) Piatsek Ter\u00e9z (14.09.1818-1885, gest. mit 67 Jahren) und b) Pucher Gy\u00f6rgy (16.02.1814-19.11.1890, gest. mit 84 Jahren. Sie haben am 15.01.1843 geheiratet und lebten in P\u00e9cs. &hellip; <\/p>\n<p class=\"link-more\"><a href=\"https:\/\/rimler.de\/?page_id=115\" class=\"more-link\"><span class=\"screen-reader-text\">\u201eFamilie Pucher\u201c <\/span>weiterlesen<\/a><\/p>\n","protected":false},"author":1,"featured_media":0,"parent":0,"menu_order":0,"comment_status":"closed","ping_status":"closed","template":"","meta":{"footnotes":""},"class_list":["post-115","page","type-page","status-publish","hentry","entry"],"_links":{"self":[{"href":"https:\/\/rimler.de\/index.php?rest_route=\/wp\/v2\/pages\/115","targetHints":{"allow":["GET"]}}],"collection":[{"href":"https:\/\/rimler.de\/index.php?rest_route=\/wp\/v2\/pages"}],"about":[{"href":"https:\/\/rimler.de\/index.php?rest_route=\/wp\/v2\/types\/page"}],"author":[{"embeddable":true,"href":"https:\/\/rimler.de\/index.php?rest_route=\/wp\/v2\/users\/1"}],"replies":[{"embeddable":true,"href":"https:\/\/rimler.de\/index.php?rest_route=%2Fwp%2Fv2%2Fcomments&post=115"}],"version-history":[{"count":47,"href":"https:\/\/rimler.de\/index.php?rest_route=\/wp\/v2\/pages\/115\/revisions"}],"predecessor-version":[{"id":291,"href":"https:\/\/rimler.de\/index.php?rest_route=\/wp\/v2\/pages\/115\/revisions\/291"}],"wp:attachment":[{"href":"https:\/\/rimler.de\/index.php?rest_route=%2Fwp%2Fv2%2Fmedia&parent=115"}],"curies":[{"name":"wp","href":"https:\/\/api.w.org\/{rel}","templated":true}]}}